{"id":98,"date":"2020-09-13T19:43:41","date_gmt":"2020-09-13T22:43:41","guid":{"rendered":"http:\/\/dunitex.com.br\/?post_type=product&#038;p=98"},"modified":"2020-09-22T15:58:36","modified_gmt":"2020-09-22T18:58:36","slug":"toalha-praia-tp01","status":"publish","type":"product","link":"http:\/\/www.dunitex.com.br\/?product=toalha-praia-tp01","title":{"rendered":"TP01 &#8211; Toalha de Praia"},"content":{"rendered":"","protected":false},"excerpt":{"rendered":"<p>Toalha de Praia Estampada Veludo, 100% algod\u00e3o, gramatura 360 gramas\/m\u00b2, medindo 75X150 cm.<\/p>\n<p>Personaliza\u00e7\u00e3o em silkscreen reativo.<\/p>\n<p>Dispon\u00edvel em diversas gramaturas e medidas.<\/p>\n<p>Lote m\u00ednimo de produ\u00e7\u00e3o &#8211; 1.250 unidades.<\/p>\n","protected":false},"featured_media":115,"template":"","meta":[],"class_list":{"0":"post-98","1":"product","2":"type-product","3":"status-publish","4":"has-post-thumbnail","6":"product_cat-toalha","7":"product_cat-praia","8":"product_tag-toalha-aveludada","9":"product_tag-toalha-estampada","10":"product_tag-toalha-para-brinde","11":"product_tag-toalha-para-eventos","12":"product_tag-toalha-personalizada","13":"product_tag-toalha-piscina","14":"product_tag-toalha-praia","15":"product_tag-toalha-promocional","17":"first","18":"onbackorder","19":"shipping-taxable","20":"product-type-simple"},"jetpack_sharing_enabled":true,"_links":{"self":[{"href":"http:\/\/www.dunitex.com.br\/index.php?rest_route=\/wp\/v2\/product\/98","targetHints":{"allow":["GET"]}}],"collection":[{"href":"http:\/\/www.dunitex.com.br\/index.php?rest_route=\/wp\/v2\/product"}],"about":[{"href":"http:\/\/www.dunitex.com.br\/index.php?rest_route=\/wp\/v2\/types\/product"}],"wp:featuredmedia":[{"embeddable":true,"href":"http:\/\/www.dunitex.com.br\/index.php?rest_route=\/wp\/v2\/media\/115"}],"wp:attachment":[{"href":"http:\/\/www.dunitex.com.br\/index.php?rest_route=%2Fwp%2Fv2%2Fmedia&parent=98"}],"curies":[{"name":"wp","href":"https:\/\/api.w.org\/{rel}","templated":true}]}}