{"id":638,"date":"2023-11-06T12:28:14","date_gmt":"2023-11-06T15:28:14","guid":{"rendered":"http:\/\/dunitex.com.br\/?post_type=product&#038;p=638"},"modified":"2023-11-06T12:28:14","modified_gmt":"2023-11-06T15:28:14","slug":"tl07-toalha-lavabo","status":"publish","type":"product","link":"http:\/\/www.dunitex.com.br\/?product=tl07-toalha-lavabo","title":{"rendered":"TL07 &#8211; Toalha Lavabo"},"content":{"rendered":"","protected":false},"excerpt":{"rendered":"<p>Toalha Lavabo Felpuda, medindo 30X50 cm, 100% algod\u00e3o.<\/p>\n<p>Personaliza\u00e7\u00e3o em Bordado.<\/p>\n<p>Dispon\u00edvel em diversas cores.<\/p>\n<p>Lote m\u00ednimo de produ\u00e7\u00e3o \u2013 300 unidades.<\/p>\n","protected":false},"featured_media":639,"template":"","meta":[],"class_list":{"0":"post-638","1":"product","2":"type-product","3":"status-publish","4":"has-post-thumbnail","6":"product_cat-lavabo","7":"product_tag-toalha-de-mao","8":"product_tag-toalha-felpuda","9":"product_tag-toalha-lavabo","10":"product_tag-toalha-para-brinde","11":"product_tag-toalha-para-eventos","12":"product_tag-toalha-personalizada","13":"product_tag-toalha-promocional","15":"first","16":"onbackorder","17":"shipping-taxable","18":"product-type-simple"},"jetpack_sharing_enabled":true,"_links":{"self":[{"href":"http:\/\/www.dunitex.com.br\/index.php?rest_route=\/wp\/v2\/product\/638","targetHints":{"allow":["GET"]}}],"collection":[{"href":"http:\/\/www.dunitex.com.br\/index.php?rest_route=\/wp\/v2\/product"}],"about":[{"href":"http:\/\/www.dunitex.com.br\/index.php?rest_route=\/wp\/v2\/types\/product"}],"wp:featuredmedia":[{"embeddable":true,"href":"http:\/\/www.dunitex.com.br\/index.php?rest_route=\/wp\/v2\/media\/639"}],"wp:attachment":[{"href":"http:\/\/www.dunitex.com.br\/index.php?rest_route=%2Fwp%2Fv2%2Fmedia&parent=638"}],"curies":[{"name":"wp","href":"https:\/\/api.w.org\/{rel}","templated":true}]}}