{"id":605,"date":"2023-03-24T11:15:56","date_gmt":"2023-03-24T14:15:56","guid":{"rendered":"http:\/\/dunitex.com.br\/?post_type=product&#038;p=605"},"modified":"2024-08-23T22:46:26","modified_gmt":"2024-08-24T01:46:26","slug":"tft13-toalha-fitness","status":"publish","type":"product","link":"http:\/\/www.dunitex.com.br\/?product=tft13-toalha-fitness","title":{"rendered":"TFT13 &#8211; Toalha Fitness"},"content":{"rendered":"","protected":false},"excerpt":{"rendered":"<p>Toalha Fitness, 100% algod\u00e3o, medindo 30X80 cm.<\/p>\n<p>Personaliza\u00e7\u00e3o com Bordado.<\/p>\n<p>Dispon\u00edvel em v\u00e1rias cores.<\/p>\n<p>Lote m\u00ednimo de produ\u00e7\u00e3o &#8211; 300 pe\u00e7as.<\/p>\n","protected":false},"featured_media":606,"template":"","meta":[],"class_list":{"0":"post-605","1":"product","2":"type-product","3":"status-publish","4":"has-post-thumbnail","6":"product_cat-fitness","7":"product_tag-toalha-bordada","8":"product_tag-toalha-de-academia","9":"product_tag-toalha-esportiva","10":"product_tag-toalha-fitness","11":"product_tag-toalha-personalizada","12":"product_tag-toalha-promocional","14":"first","15":"onbackorder","16":"shipping-taxable","17":"product-type-simple"},"jetpack_sharing_enabled":true,"_links":{"self":[{"href":"http:\/\/www.dunitex.com.br\/index.php?rest_route=\/wp\/v2\/product\/605","targetHints":{"allow":["GET"]}}],"collection":[{"href":"http:\/\/www.dunitex.com.br\/index.php?rest_route=\/wp\/v2\/product"}],"about":[{"href":"http:\/\/www.dunitex.com.br\/index.php?rest_route=\/wp\/v2\/types\/product"}],"wp:featuredmedia":[{"embeddable":true,"href":"http:\/\/www.dunitex.com.br\/index.php?rest_route=\/wp\/v2\/media\/606"}],"wp:attachment":[{"href":"http:\/\/www.dunitex.com.br\/index.php?rest_route=%2Fwp%2Fv2%2Fmedia&parent=605"}],"curies":[{"name":"wp","href":"https:\/\/api.w.org\/{rel}","templated":true}]}}