{"id":601,"date":"2023-03-24T10:54:42","date_gmt":"2023-03-24T13:54:42","guid":{"rendered":"http:\/\/dunitex.com.br\/?post_type=product&#038;p=601"},"modified":"2023-03-29T11:34:18","modified_gmt":"2023-03-29T14:34:18","slug":"rp08-roupao-piquet","status":"publish","type":"product","link":"http:\/\/www.dunitex.com.br\/?product=rp08-roupao-piquet","title":{"rendered":"RP08- Roup\u00e3o Piquet"},"content":{"rendered":"","protected":false},"excerpt":{"rendered":"<p>Roup\u00e3o em tecido Piquet, 50% algod\u00e3o + 50% poli\u00e9ster.<\/p>\n<p>Personaliza\u00e7\u00e3o em bordado.<\/p>\n<p>Lote m\u00ednimo de produ\u00e7\u00e3o &#8211; 60 unidades.<\/p>\n","protected":false},"featured_media":602,"template":"","meta":[],"class_list":{"0":"post-601","1":"product","2":"type-product","3":"status-publish","4":"has-post-thumbnail","6":"product_cat-roupao","7":"product_cat-estetica-e-conforto","8":"product_tag-roupao-de-banho","9":"product_tag-roupao-personalizado","10":"product_tag-roupao-piquet","11":"product_tag-roupao-promocional","13":"first","14":"onbackorder","15":"shipping-taxable","16":"product-type-simple"},"jetpack_sharing_enabled":true,"_links":{"self":[{"href":"http:\/\/www.dunitex.com.br\/index.php?rest_route=\/wp\/v2\/product\/601","targetHints":{"allow":["GET"]}}],"collection":[{"href":"http:\/\/www.dunitex.com.br\/index.php?rest_route=\/wp\/v2\/product"}],"about":[{"href":"http:\/\/www.dunitex.com.br\/index.php?rest_route=\/wp\/v2\/types\/product"}],"wp:featuredmedia":[{"embeddable":true,"href":"http:\/\/www.dunitex.com.br\/index.php?rest_route=\/wp\/v2\/media\/602"}],"wp:attachment":[{"href":"http:\/\/www.dunitex.com.br\/index.php?rest_route=%2Fwp%2Fv2%2Fmedia&parent=601"}],"curies":[{"name":"wp","href":"https:\/\/api.w.org\/{rel}","templated":true}]}}