{"id":587,"date":"2023-03-22T14:45:40","date_gmt":"2023-03-22T17:45:40","guid":{"rendered":"http:\/\/dunitex.com.br\/?post_type=product&#038;p=587"},"modified":"2023-03-22T14:45:41","modified_gmt":"2023-03-22T17:45:41","slug":"av04-avental-garcom","status":"publish","type":"product","link":"http:\/\/www.dunitex.com.br\/?product=av04-avental-garcom","title":{"rendered":"AV04 &#8211; Avental Gar\u00e7om"},"content":{"rendered":"<p>Avental modelo Gar\u00e7om com 3 bolsos em tecido Oxford ou brim.<\/p>\n<p>Personaliza\u00e7\u00e3o em silkscreen ou bordado.<\/p>\n<p>Dispon\u00edvel em diversos tecidos e cores.<\/p>\n","protected":false},"excerpt":{"rendered":"<p>Avental modelo Gar\u00e7om com 3 bolsos em tecido Oxford ou brim. Personaliza\u00e7\u00e3o em silkscreen ou bordado. Dispon\u00edvel em diversos tecidos e cores.<\/p>\n","protected":false},"featured_media":588,"template":"","meta":[],"class_list":{"0":"post-587","1":"product","2":"type-product","3":"status-publish","4":"has-post-thumbnail","6":"product_cat-diversos","7":"product_tag-avental-garcom","8":"product_tag-avental-personalizado","9":"product_tag-avental-promocional","11":"first","12":"onbackorder","13":"shipping-taxable","14":"product-type-simple"},"jetpack_sharing_enabled":true,"_links":{"self":[{"href":"http:\/\/www.dunitex.com.br\/index.php?rest_route=\/wp\/v2\/product\/587","targetHints":{"allow":["GET"]}}],"collection":[{"href":"http:\/\/www.dunitex.com.br\/index.php?rest_route=\/wp\/v2\/product"}],"about":[{"href":"http:\/\/www.dunitex.com.br\/index.php?rest_route=\/wp\/v2\/types\/product"}],"wp:featuredmedia":[{"embeddable":true,"href":"http:\/\/www.dunitex.com.br\/index.php?rest_route=\/wp\/v2\/media\/588"}],"wp:attachment":[{"href":"http:\/\/www.dunitex.com.br\/index.php?rest_route=%2Fwp%2Fv2%2Fmedia&parent=587"}],"curies":[{"name":"wp","href":"https:\/\/api.w.org\/{rel}","templated":true}]}}