{"id":536,"date":"2020-10-06T14:42:26","date_gmt":"2020-10-06T17:42:26","guid":{"rendered":"http:\/\/dunitex.com.br\/?post_type=product&#038;p=536"},"modified":"2020-10-06T14:42:27","modified_gmt":"2020-10-06T17:42:27","slug":"cpo1-camisa-polo","status":"publish","type":"product","link":"http:\/\/www.dunitex.com.br\/?product=cpo1-camisa-polo","title":{"rendered":"CPO1 &#8211; Camisa Polo"},"content":{"rendered":"","protected":false},"excerpt":{"rendered":"<p>Camisa Polo meia manga, malha Piquet 50% algod\u00e3o + 50% poliester, gola e punhos em retil\u00ednea.<\/p>\n<p>Personaliza\u00e7\u00e3o em bordado.<\/p>\n<p>Dispon\u00edvel em diversos materiais e cores.<\/p>\n<p>Lote m\u00ednimo de produ\u00e7\u00e3o &#8211; 50 unidades.<\/p>\n","protected":false},"featured_media":537,"template":"","meta":[],"class_list":{"0":"post-536","1":"product","2":"type-product","3":"status-publish","4":"has-post-thumbnail","6":"product_cat-camisetas","7":"product_tag-camisa-polo-personalizada","8":"product_tag-camisa-polo-promocional","10":"first","11":"onbackorder","12":"shipping-taxable","13":"product-type-simple"},"jetpack_sharing_enabled":true,"_links":{"self":[{"href":"http:\/\/www.dunitex.com.br\/index.php?rest_route=\/wp\/v2\/product\/536","targetHints":{"allow":["GET"]}}],"collection":[{"href":"http:\/\/www.dunitex.com.br\/index.php?rest_route=\/wp\/v2\/product"}],"about":[{"href":"http:\/\/www.dunitex.com.br\/index.php?rest_route=\/wp\/v2\/types\/product"}],"wp:featuredmedia":[{"embeddable":true,"href":"http:\/\/www.dunitex.com.br\/index.php?rest_route=\/wp\/v2\/media\/537"}],"wp:attachment":[{"href":"http:\/\/www.dunitex.com.br\/index.php?rest_route=%2Fwp%2Fv2%2Fmedia&parent=536"}],"curies":[{"name":"wp","href":"https:\/\/api.w.org\/{rel}","templated":true}]}}