{"id":526,"date":"2020-10-06T14:23:52","date_gmt":"2020-10-06T17:23:52","guid":{"rendered":"http:\/\/dunitex.com.br\/?post_type=product&#038;p=526"},"modified":"2020-10-06T14:23:53","modified_gmt":"2020-10-06T17:23:53","slug":"cm05-camiseta","status":"publish","type":"product","link":"http:\/\/www.dunitex.com.br\/?product=cm05-camiseta","title":{"rendered":"CM05 &#8211; Camiseta"},"content":{"rendered":"","protected":false},"excerpt":{"rendered":"<p>Camiseta meia manga, malha Dry Fit 100% poli\u00e9ster, modelagem masculina e baby look.<\/p>\n<p>Personaliza\u00e7\u00e3o em silkscreen.<\/p>\n<p>Dispon\u00edvel em outros materiais e cores.<\/p>\n<p>Lote m\u00ednimo de produ\u00e7\u00e3o \u2013 100 unidades.<\/p>\n","protected":false},"featured_media":527,"template":"","meta":[],"class_list":{"0":"post-526","1":"product","2":"type-product","3":"status-publish","4":"has-post-thumbnail","6":"product_cat-camisetas","7":"product_tag-camiseta-basica","8":"product_tag-camiseta-esportiva","9":"product_tag-camiseta-personalizada","10":"product_tag-camiseta-promocional","12":"first","13":"onbackorder","14":"shipping-taxable","15":"product-type-simple"},"jetpack_sharing_enabled":true,"_links":{"self":[{"href":"http:\/\/www.dunitex.com.br\/index.php?rest_route=\/wp\/v2\/product\/526","targetHints":{"allow":["GET"]}}],"collection":[{"href":"http:\/\/www.dunitex.com.br\/index.php?rest_route=\/wp\/v2\/product"}],"about":[{"href":"http:\/\/www.dunitex.com.br\/index.php?rest_route=\/wp\/v2\/types\/product"}],"wp:featuredmedia":[{"embeddable":true,"href":"http:\/\/www.dunitex.com.br\/index.php?rest_route=\/wp\/v2\/media\/527"}],"wp:attachment":[{"href":"http:\/\/www.dunitex.com.br\/index.php?rest_route=%2Fwp%2Fv2%2Fmedia&parent=526"}],"curies":[{"name":"wp","href":"https:\/\/api.w.org\/{rel}","templated":true}]}}