{"id":519,"date":"2020-10-06T14:03:50","date_gmt":"2020-10-06T17:03:50","guid":{"rendered":"http:\/\/dunitex.com.br\/?post_type=product&#038;p=519"},"modified":"2020-10-06T14:03:51","modified_gmt":"2020-10-06T17:03:51","slug":"cm02-camiseta","status":"publish","type":"product","link":"http:\/\/www.dunitex.com.br\/?product=cm02-camiseta","title":{"rendered":"CM02 &#8211; Camiseta"},"content":{"rendered":"","protected":false},"excerpt":{"rendered":"<p>Camiseta meia manga, malha 100% algod\u00e3o fio 30.1,\u00a0modelagem masculina e baby look.<\/p>\n<p>Personaliza\u00e7\u00e3o em silkscreen.<\/p>\n<p>Dispon\u00edvel em diversos materiais e cores.<\/p>\n<p>Lote m\u00ednimo de produ\u00e7\u00e3o &#8211; 100 unidades.<\/p>\n","protected":false},"featured_media":520,"template":"","meta":[],"class_list":{"0":"post-519","1":"product","2":"type-product","3":"status-publish","4":"has-post-thumbnail","6":"product_cat-camisetas","7":"product_tag-camiseta-basica","8":"product_tag-camiseta-personalizada","9":"product_tag-camiseta-promocional","11":"first","12":"onbackorder","13":"shipping-taxable","14":"product-type-simple"},"jetpack_sharing_enabled":true,"_links":{"self":[{"href":"http:\/\/www.dunitex.com.br\/index.php?rest_route=\/wp\/v2\/product\/519","targetHints":{"allow":["GET"]}}],"collection":[{"href":"http:\/\/www.dunitex.com.br\/index.php?rest_route=\/wp\/v2\/product"}],"about":[{"href":"http:\/\/www.dunitex.com.br\/index.php?rest_route=\/wp\/v2\/types\/product"}],"wp:featuredmedia":[{"embeddable":true,"href":"http:\/\/www.dunitex.com.br\/index.php?rest_route=\/wp\/v2\/media\/520"}],"wp:attachment":[{"href":"http:\/\/www.dunitex.com.br\/index.php?rest_route=%2Fwp%2Fv2%2Fmedia&parent=519"}],"curies":[{"name":"wp","href":"https:\/\/api.w.org\/{rel}","templated":true}]}}