{"id":506,"date":"2020-09-24T14:24:28","date_gmt":"2020-09-24T17:24:28","guid":{"rendered":"http:\/\/dunitex.com.br\/?post_type=product&#038;p=506"},"modified":"2020-09-24T14:24:29","modified_gmt":"2020-09-24T17:24:29","slug":"sa03-sacola","status":"publish","type":"product","link":"http:\/\/www.dunitex.com.br\/?product=sa03-sacola","title":{"rendered":"SA03 &#8211; Sacola"},"content":{"rendered":"","protected":false},"excerpt":{"rendered":"<table width=\"728\">\n<tbody>\n<tr>\n<td width=\"331\">Sacola em Lona crua 100% algod\u00e3o, com bolso externo, medindo 35X45X05 cm.<\/p>\n<p>Personaliza\u00e7\u00e3o em silkscreen de um lado.<\/p>\n<p>Lote m\u00ednimo de produ\u00e7\u00e3o &#8211; 100 unidades.<\/td>\n<\/tr>\n<\/tbody>\n<\/table>\n","protected":false},"featured_media":507,"template":"","meta":[],"class_list":{"0":"post-506","1":"product","2":"type-product","3":"status-publish","4":"has-post-thumbnail","6":"product_cat-sacolas","7":"product_tag-sacola-ecobag","8":"product_tag-sacola-ecologica","9":"product_tag-sacola-para-brinde","10":"product_tag-sacola-para-evento","11":"product_tag-sacola-personalizada","12":"product_tag-sacola-promocional","14":"first","15":"onbackorder","16":"shipping-taxable","17":"product-type-simple"},"jetpack_sharing_enabled":true,"_links":{"self":[{"href":"http:\/\/www.dunitex.com.br\/index.php?rest_route=\/wp\/v2\/product\/506","targetHints":{"allow":["GET"]}}],"collection":[{"href":"http:\/\/www.dunitex.com.br\/index.php?rest_route=\/wp\/v2\/product"}],"about":[{"href":"http:\/\/www.dunitex.com.br\/index.php?rest_route=\/wp\/v2\/types\/product"}],"wp:featuredmedia":[{"embeddable":true,"href":"http:\/\/www.dunitex.com.br\/index.php?rest_route=\/wp\/v2\/media\/507"}],"wp:attachment":[{"href":"http:\/\/www.dunitex.com.br\/index.php?rest_route=%2Fwp%2Fv2%2Fmedia&parent=506"}],"curies":[{"name":"wp","href":"https:\/\/api.w.org\/{rel}","templated":true}]}}