{"id":483,"date":"2020-09-23T15:39:35","date_gmt":"2020-09-23T18:39:35","guid":{"rendered":"http:\/\/dunitex.com.br\/?post_type=product&#038;p=483"},"modified":"2020-09-23T15:39:35","modified_gmt":"2020-09-23T18:39:35","slug":"ms01-mochila-saco","status":"publish","type":"product","link":"http:\/\/www.dunitex.com.br\/?product=ms01-mochila-saco","title":{"rendered":"MS01 &#8211; Mochila Saco"},"content":{"rendered":"<table width=\"728\">\n<tbody>\n<tr>\n<td width=\"331\">Mochila Saco em nylon amassado, bolso frontal com z\u00edper, fechamento com cord\u00f5es, medindo 40X35 cm.<\/p>\n<p>Personaliza\u00e7\u00e3o em silkscreen ou bordado.<\/p>\n<p>Dispon\u00edvel em diversos materiais e cores.<\/p>\n<p>Lote m\u00ednimo de produ\u00e7\u00e3o: 100 unidades.<\/td>\n<\/tr>\n<\/tbody>\n<\/table>\n","protected":false},"excerpt":{"rendered":"<p>Mochila Saco em nylon amassado, bolso frontal com z\u00edper, fechamento com cord\u00f5es, medindo 40X35 cm. Personaliza\u00e7\u00e3o em silkscreen ou bordado. Dispon\u00edvel em diversos materiais e cores. Lote m\u00ednimo de produ\u00e7\u00e3o: 100 unidades.<\/p>\n","protected":false},"featured_media":484,"template":"","meta":[],"class_list":{"0":"post-483","1":"product","2":"type-product","3":"status-publish","4":"has-post-thumbnail","6":"product_cat-mochilas","7":"product_tag-mochila-academia","8":"product_tag-mochila-esportiva","9":"product_tag-mochila-personalizada","10":"product_tag-mochila-promocional","11":"product_tag-mochila-saco","13":"first","14":"onbackorder","15":"shipping-taxable","16":"product-type-simple"},"jetpack_sharing_enabled":true,"_links":{"self":[{"href":"http:\/\/www.dunitex.com.br\/index.php?rest_route=\/wp\/v2\/product\/483","targetHints":{"allow":["GET"]}}],"collection":[{"href":"http:\/\/www.dunitex.com.br\/index.php?rest_route=\/wp\/v2\/product"}],"about":[{"href":"http:\/\/www.dunitex.com.br\/index.php?rest_route=\/wp\/v2\/types\/product"}],"wp:featuredmedia":[{"embeddable":true,"href":"http:\/\/www.dunitex.com.br\/index.php?rest_route=\/wp\/v2\/media\/484"}],"wp:attachment":[{"href":"http:\/\/www.dunitex.com.br\/index.php?rest_route=%2Fwp%2Fv2%2Fmedia&parent=483"}],"curies":[{"name":"wp","href":"https:\/\/api.w.org\/{rel}","templated":true}]}}