{"id":459,"date":"2020-09-22T17:52:29","date_gmt":"2020-09-22T20:52:29","guid":{"rendered":"http:\/\/dunitex.com.br\/?post_type=product&#038;p=459"},"modified":"2020-09-22T17:52:30","modified_gmt":"2020-09-22T20:52:30","slug":"tl05-toalha-lavabo","status":"publish","type":"product","link":"http:\/\/www.dunitex.com.br\/?product=tl05-toalha-lavabo","title":{"rendered":"TL05 &#8211; Toalha Lavabo"},"content":{"rendered":"","protected":false},"excerpt":{"rendered":"<p>Toalha Lavabo Felpuda, medindo 30X50 cm, 100% algod\u00e3o.<\/p>\n<p>Personaliza\u00e7\u00e3o em Bordado.<\/p>\n<p>Dispon\u00edvel em diversas cores.<\/p>\n<p>Lote m\u00ednimo de produ\u00e7\u00e3o &#8211; 300 unidades.<\/p>\n","protected":false},"featured_media":460,"template":"","meta":[],"class_list":{"0":"post-459","1":"product","2":"type-product","3":"status-publish","4":"has-post-thumbnail","6":"product_cat-toalha","7":"product_cat-lavabo","8":"product_tag-toalha-de-mao","9":"product_tag-toalha-felpuda","10":"product_tag-toalha-lavabo","11":"product_tag-toalha-para-brinde","12":"product_tag-toalha-para-eventos","13":"product_tag-toalha-personalizada","14":"product_tag-toalha-promocional","16":"first","17":"onbackorder","18":"shipping-taxable","19":"product-type-simple"},"jetpack_sharing_enabled":true,"_links":{"self":[{"href":"http:\/\/www.dunitex.com.br\/index.php?rest_route=\/wp\/v2\/product\/459","targetHints":{"allow":["GET"]}}],"collection":[{"href":"http:\/\/www.dunitex.com.br\/index.php?rest_route=\/wp\/v2\/product"}],"about":[{"href":"http:\/\/www.dunitex.com.br\/index.php?rest_route=\/wp\/v2\/types\/product"}],"wp:featuredmedia":[{"embeddable":true,"href":"http:\/\/www.dunitex.com.br\/index.php?rest_route=\/wp\/v2\/media\/460"}],"wp:attachment":[{"href":"http:\/\/www.dunitex.com.br\/index.php?rest_route=%2Fwp%2Fv2%2Fmedia&parent=459"}],"curies":[{"name":"wp","href":"https:\/\/api.w.org\/{rel}","templated":true}]}}