{"id":443,"date":"2020-09-22T17:24:44","date_gmt":"2020-09-22T20:24:44","guid":{"rendered":"http:\/\/dunitex.com.br\/?post_type=product&#038;p=443"},"modified":"2020-09-22T17:24:44","modified_gmt":"2020-09-22T20:24:44","slug":"tb03-toalha-de-banho","status":"publish","type":"product","link":"http:\/\/www.dunitex.com.br\/?product=tb03-toalha-de-banho","title":{"rendered":"TB03 &#8211; Toalha de Banho"},"content":{"rendered":"","protected":false},"excerpt":{"rendered":"<p>Toalha de Banho Felpuda, medindo 70X140 cm.<\/p>\n<p>Personaliza\u00e7\u00e3o em Bordado.<\/p>\n<p>Dispon\u00edvel em v\u00e1rias gramatura, medidas e cores.<\/p>\n<p>Lote m\u00ednimo de produ\u00e7\u00e3o &#8211; 100 unidades.<\/p>\n","protected":false},"featured_media":444,"template":"","meta":[],"class_list":{"0":"post-443","1":"product","2":"type-product","3":"status-publish","4":"has-post-thumbnail","6":"product_cat-sem-categoria","7":"product_tag-toalha-de-banho","8":"product_tag-toalha-felpuda","9":"product_tag-toalha-para-brinde","10":"product_tag-toalha-para-eventos","11":"product_tag-toalha-personalizada","12":"product_tag-toalha-promocional","14":"first","15":"onbackorder","16":"shipping-taxable","17":"product-type-simple"},"jetpack_sharing_enabled":true,"_links":{"self":[{"href":"http:\/\/www.dunitex.com.br\/index.php?rest_route=\/wp\/v2\/product\/443","targetHints":{"allow":["GET"]}}],"collection":[{"href":"http:\/\/www.dunitex.com.br\/index.php?rest_route=\/wp\/v2\/product"}],"about":[{"href":"http:\/\/www.dunitex.com.br\/index.php?rest_route=\/wp\/v2\/types\/product"}],"wp:featuredmedia":[{"embeddable":true,"href":"http:\/\/www.dunitex.com.br\/index.php?rest_route=\/wp\/v2\/media\/444"}],"wp:attachment":[{"href":"http:\/\/www.dunitex.com.br\/index.php?rest_route=%2Fwp%2Fv2%2Fmedia&parent=443"}],"curies":[{"name":"wp","href":"https:\/\/api.w.org\/{rel}","templated":true}]}}