{"id":435,"date":"2020-09-22T16:49:33","date_gmt":"2020-09-22T19:49:33","guid":{"rendered":"http:\/\/dunitex.com.br\/?post_type=product&#038;p=435"},"modified":"2020-09-22T16:50:42","modified_gmt":"2020-09-22T19:50:42","slug":"tr03-toalha-de-rosto","status":"publish","type":"product","link":"http:\/\/www.dunitex.com.br\/?product=tr03-toalha-de-rosto","title":{"rendered":"TR03 &#8211; Toalha de Rosto"},"content":{"rendered":"","protected":false},"excerpt":{"rendered":"<p>Toalha de Rosto Felpuda, medindo 45X70 cm.<\/p>\n<p>Personaliza\u00e7\u00e3o em Bordado.<\/p>\n<p>Dispon\u00edvel em v\u00e1rias gramatura, medidas e cores.<\/p>\n<p>Lote m\u00ednimo de produ\u00e7\u00e3o &#8211; 200 unidades.<\/p>\n","protected":false},"featured_media":436,"template":"","meta":[],"class_list":{"0":"post-435","1":"product","2":"type-product","3":"status-publish","4":"has-post-thumbnail","6":"product_cat-toalha","7":"product_cat-rosto","8":"product_tag-toalha-de-rosto","9":"product_tag-toalha-felpuda","10":"product_tag-toalha-para-brinde","11":"product_tag-toalha-para-eventos","12":"product_tag-toalha-personalizada","13":"product_tag-toalha-promocional","15":"first","16":"onbackorder","17":"shipping-taxable","18":"product-type-simple"},"jetpack_sharing_enabled":true,"_links":{"self":[{"href":"http:\/\/www.dunitex.com.br\/index.php?rest_route=\/wp\/v2\/product\/435","targetHints":{"allow":["GET"]}}],"collection":[{"href":"http:\/\/www.dunitex.com.br\/index.php?rest_route=\/wp\/v2\/product"}],"about":[{"href":"http:\/\/www.dunitex.com.br\/index.php?rest_route=\/wp\/v2\/types\/product"}],"wp:featuredmedia":[{"embeddable":true,"href":"http:\/\/www.dunitex.com.br\/index.php?rest_route=\/wp\/v2\/media\/436"}],"wp:attachment":[{"href":"http:\/\/www.dunitex.com.br\/index.php?rest_route=%2Fwp%2Fv2%2Fmedia&parent=435"}],"curies":[{"name":"wp","href":"https:\/\/api.w.org\/{rel}","templated":true}]}}