{"id":356,"date":"2020-09-18T14:27:09","date_gmt":"2020-09-18T17:27:09","guid":{"rendered":"http:\/\/dunitex.com.br\/?post_type=product&#038;p=356"},"modified":"2020-09-18T14:55:53","modified_gmt":"2020-09-18T17:55:53","slug":"av03-avental","status":"publish","type":"product","link":"http:\/\/www.dunitex.com.br\/?product=av03-avental","title":{"rendered":"AV03 &#8211; Avental"},"content":{"rendered":"","protected":false},"excerpt":{"rendered":"<p>Avental em Brim leve 100% algod\u00e3o, medindo 56X82 cm, com regulador de altura.<\/p>\n<p>Personaliza\u00e7\u00e3o em silkscreen.<\/p>\n<p>Dispon\u00edvel em diversos tecidos e cores.<\/p>\n<p>Lote m\u00ednimo de produ\u00e7\u00e3o &#8211; 150 unidades.<\/p>\n","protected":false},"featured_media":357,"template":"","meta":[],"class_list":{"0":"post-356","1":"product","2":"type-product","3":"status-publish","4":"has-post-thumbnail","6":"product_cat-diversos","7":"product_tag-avental-cozinheiro","8":"product_tag-avental-para-brinde","9":"product_tag-avental-personalizado","10":"product_tag-avental-promocional","12":"first","13":"onbackorder","14":"shipping-taxable","15":"product-type-simple"},"jetpack_sharing_enabled":true,"_links":{"self":[{"href":"http:\/\/www.dunitex.com.br\/index.php?rest_route=\/wp\/v2\/product\/356","targetHints":{"allow":["GET"]}}],"collection":[{"href":"http:\/\/www.dunitex.com.br\/index.php?rest_route=\/wp\/v2\/product"}],"about":[{"href":"http:\/\/www.dunitex.com.br\/index.php?rest_route=\/wp\/v2\/types\/product"}],"wp:featuredmedia":[{"embeddable":true,"href":"http:\/\/www.dunitex.com.br\/index.php?rest_route=\/wp\/v2\/media\/357"}],"wp:attachment":[{"href":"http:\/\/www.dunitex.com.br\/index.php?rest_route=%2Fwp%2Fv2%2Fmedia&parent=356"}],"curies":[{"name":"wp","href":"https:\/\/api.w.org\/{rel}","templated":true}]}}