{"id":288,"date":"2020-09-17T11:37:23","date_gmt":"2020-09-17T14:37:23","guid":{"rendered":"http:\/\/dunitex.com.br\/?post_type=product&#038;p=288"},"modified":"2020-09-17T11:40:17","modified_gmt":"2020-09-17T14:40:17","slug":"vs01-viseira","status":"publish","type":"product","link":"http:\/\/www.dunitex.com.br\/?product=vs01-viseira","title":{"rendered":"VS01 &#8211; Viseira"},"content":{"rendered":"","protected":false},"excerpt":{"rendered":"<p>Viseira em Brim 100% algod\u00e3o, fechamento em velcro.<\/p>\n<p>Personaliza\u00e7\u00e3o em silkscreen.<\/p>\n<p>Dispon\u00edvel em diversos tecidos e cores.<\/p>\n<p>Lote m\u00ednimo de produ\u00e7\u00e3o &#8211; 200 unidades.<\/p>\n","protected":false},"featured_media":289,"template":"","meta":[],"class_list":{"0":"post-288","1":"product","2":"type-product","3":"status-publish","4":"has-post-thumbnail","6":"product_cat-bones","7":"product_tag-viseira-para-brinde","8":"product_tag-viseira-para-evento","9":"product_tag-viseira-personalizada","10":"product_tag-viseira-promocional","12":"first","13":"onbackorder","14":"shipping-taxable","15":"product-type-simple"},"jetpack_sharing_enabled":true,"_links":{"self":[{"href":"http:\/\/www.dunitex.com.br\/index.php?rest_route=\/wp\/v2\/product\/288","targetHints":{"allow":["GET"]}}],"collection":[{"href":"http:\/\/www.dunitex.com.br\/index.php?rest_route=\/wp\/v2\/product"}],"about":[{"href":"http:\/\/www.dunitex.com.br\/index.php?rest_route=\/wp\/v2\/types\/product"}],"wp:featuredmedia":[{"embeddable":true,"href":"http:\/\/www.dunitex.com.br\/index.php?rest_route=\/wp\/v2\/media\/289"}],"wp:attachment":[{"href":"http:\/\/www.dunitex.com.br\/index.php?rest_route=%2Fwp%2Fv2%2Fmedia&parent=288"}],"curies":[{"name":"wp","href":"https:\/\/api.w.org\/{rel}","templated":true}]}}