{"id":280,"date":"2020-09-17T10:52:18","date_gmt":"2020-09-17T13:52:18","guid":{"rendered":"http:\/\/dunitex.com.br\/?post_type=product&#038;p=280"},"modified":"2023-03-29T11:42:47","modified_gmt":"2023-03-29T14:42:47","slug":"rp07","status":"publish","type":"product","link":"http:\/\/www.dunitex.com.br\/?product=rp07","title":{"rendered":"RP07 &#8211; Roup\u00e3o Felpudo Aveludado"},"content":{"rendered":"","protected":false},"excerpt":{"rendered":"<p>Roup\u00e3o Felpudo Aveludado 100% algod\u00e3o.<\/p>\n<p>Personaliza\u00e7\u00e3o em bordado.<\/p>\n<p>Lote m\u00ednimo de produ\u00e7\u00e3o &#8211; 60 pe\u00e7as.<\/p>\n","protected":false},"featured_media":597,"template":"","meta":[],"class_list":{"0":"post-280","1":"product","2":"type-product","3":"status-publish","4":"has-post-thumbnail","6":"product_cat-roupao","7":"product_cat-estetica-e-conforto","8":"product_tag-roupao-aveludado","9":"product_tag-roupao-de-banho","10":"product_tag-roupao-para-brinde","11":"product_tag-roupao-para-eventos","12":"product_tag-roupao-personalizado","14":"first","15":"onbackorder","16":"shipping-taxable","17":"product-type-simple"},"jetpack_sharing_enabled":true,"_links":{"self":[{"href":"http:\/\/www.dunitex.com.br\/index.php?rest_route=\/wp\/v2\/product\/280","targetHints":{"allow":["GET"]}}],"collection":[{"href":"http:\/\/www.dunitex.com.br\/index.php?rest_route=\/wp\/v2\/product"}],"about":[{"href":"http:\/\/www.dunitex.com.br\/index.php?rest_route=\/wp\/v2\/types\/product"}],"wp:featuredmedia":[{"embeddable":true,"href":"http:\/\/www.dunitex.com.br\/index.php?rest_route=\/wp\/v2\/media\/597"}],"wp:attachment":[{"href":"http:\/\/www.dunitex.com.br\/index.php?rest_route=%2Fwp%2Fv2%2Fmedia&parent=280"}],"curies":[{"name":"wp","href":"https:\/\/api.w.org\/{rel}","templated":true}]}}