{"id":246,"date":"2020-09-17T09:29:36","date_gmt":"2020-09-17T12:29:36","guid":{"rendered":"http:\/\/dunitex.com.br\/?post_type=product&#038;p=246"},"modified":"2020-09-17T11:23:35","modified_gmt":"2020-09-17T14:23:35","slug":"bone-bn01","status":"publish","type":"product","link":"http:\/\/www.dunitex.com.br\/?product=bone-bn01","title":{"rendered":"BN01 &#8211; Bon\u00e9 Americano"},"content":{"rendered":"","protected":false},"excerpt":{"rendered":"<p>Bon\u00e9 modelo americano em Brim 100% algod\u00e3o, regulador de tecido com fivela de metal.<\/p>\n<p>Personaliza\u00e7\u00e3o em silkscreen ou bordado.<\/p>\n<p>Dispon\u00edvel em diversos tecidos e cores.<\/p>\n<p>Lote m\u00ednimo de produ\u00e7\u00e3o &#8211; 200 unidades.<\/p>\n<p>&nbsp;<\/p>\n","protected":false},"featured_media":247,"template":"","meta":[],"class_list":{"0":"post-246","1":"product","2":"type-product","3":"status-publish","4":"has-post-thumbnail","6":"product_cat-bones","7":"product_tag-bone-para-brinde","8":"product_tag-bone-para-evento","9":"product_tag-bone-personalizado","10":"product_tag-bone-promocional","12":"first","13":"onbackorder","14":"shipping-taxable","15":"product-type-simple"},"jetpack_sharing_enabled":true,"_links":{"self":[{"href":"http:\/\/www.dunitex.com.br\/index.php?rest_route=\/wp\/v2\/product\/246","targetHints":{"allow":["GET"]}}],"collection":[{"href":"http:\/\/www.dunitex.com.br\/index.php?rest_route=\/wp\/v2\/product"}],"about":[{"href":"http:\/\/www.dunitex.com.br\/index.php?rest_route=\/wp\/v2\/types\/product"}],"wp:featuredmedia":[{"embeddable":true,"href":"http:\/\/www.dunitex.com.br\/index.php?rest_route=\/wp\/v2\/media\/247"}],"wp:attachment":[{"href":"http:\/\/www.dunitex.com.br\/index.php?rest_route=%2Fwp%2Fv2%2Fmedia&parent=246"}],"curies":[{"name":"wp","href":"https:\/\/api.w.org\/{rel}","templated":true}]}}