{"id":182,"date":"2020-09-15T18:28:35","date_gmt":"2020-09-15T21:28:35","guid":{"rendered":"http:\/\/dunitex.com.br\/?post_type=product&#038;p=182"},"modified":"2020-09-22T15:31:45","modified_gmt":"2020-09-22T18:31:45","slug":"toalha-fitness-tft02","status":"publish","type":"product","link":"http:\/\/www.dunitex.com.br\/?product=toalha-fitness-tft02","title":{"rendered":"TFT02 &#8211; Toalha Fitness"},"content":{"rendered":"","protected":false},"excerpt":{"rendered":"<p>Toalha Fitness, 90% algod\u00e3o + 10% poli\u00e9ster, gramatura 340 gramas\/m\u00b2, medindo 25X86 cm.<\/p>\n<p>Dispon\u00edvel em outras cores.<\/p>\n<p>Personaliza\u00e7\u00e3o em jacquard alto\/baixo relevo.<\/p>\n<p>Lote m\u00ednimo de produ\u00e7\u00e3o &#8211; 300 unidades.<\/p>\n","protected":false},"featured_media":183,"template":"","meta":[],"class_list":{"0":"post-182","1":"product","2":"type-product","3":"status-publish","4":"has-post-thumbnail","6":"product_cat-toalha","7":"product_cat-fitness","8":"product_tag-toalha-esportiva","9":"product_tag-toalha-felpuda","10":"product_tag-toalha-fitness","11":"product_tag-toalha-para-academia","12":"product_tag-toalha-para-brinde","13":"product_tag-toalha-para-eventos","14":"product_tag-toalha-promocional","16":"first","17":"onbackorder","18":"shipping-taxable","19":"product-type-simple"},"jetpack_sharing_enabled":true,"_links":{"self":[{"href":"http:\/\/www.dunitex.com.br\/index.php?rest_route=\/wp\/v2\/product\/182","targetHints":{"allow":["GET"]}}],"collection":[{"href":"http:\/\/www.dunitex.com.br\/index.php?rest_route=\/wp\/v2\/product"}],"about":[{"href":"http:\/\/www.dunitex.com.br\/index.php?rest_route=\/wp\/v2\/types\/product"}],"wp:featuredmedia":[{"embeddable":true,"href":"http:\/\/www.dunitex.com.br\/index.php?rest_route=\/wp\/v2\/media\/183"}],"wp:attachment":[{"href":"http:\/\/www.dunitex.com.br\/index.php?rest_route=%2Fwp%2Fv2%2Fmedia&parent=182"}],"curies":[{"name":"wp","href":"https:\/\/api.w.org\/{rel}","templated":true}]}}