{"id":163,"date":"2020-09-14T18:04:17","date_gmt":"2020-09-14T21:04:17","guid":{"rendered":"http:\/\/dunitex.com.br\/?post_type=product&#038;p=163"},"modified":"2023-03-22T12:17:58","modified_gmt":"2023-03-22T15:17:58","slug":"roupao-rp03","status":"publish","type":"product","link":"http:\/\/www.dunitex.com.br\/?product=roupao-rp03","title":{"rendered":"RP03 &#8211; Roup\u00e3o Felpudo Aveludado"},"content":{"rendered":"","protected":false},"excerpt":{"rendered":"<p>Roup\u00e3o em tecido felpudo aveludado 100% algod\u00e3o.<\/p>\n<p>Personaliza\u00e7\u00e3o em bordado.<\/p>\n<p>Lote m\u00ednimo de produ\u00e7\u00e3o &#8211; 60 unidades.<\/p>\n","protected":false},"featured_media":584,"template":"","meta":[],"class_list":{"0":"post-163","1":"product","2":"type-product","3":"status-publish","4":"has-post-thumbnail","6":"product_cat-roupao","7":"product_cat-estetica-e-conforto","8":"product_tag-roupao-aveludado","9":"product_tag-roupao-de-banho","10":"product_tag-roupao-judoca","11":"product_tag-roupao-kimono","12":"product_tag-roupao-para-brinde","13":"product_tag-roupao-para-eventos","14":"product_tag-roupao-personalizado","16":"first","17":"onbackorder","18":"shipping-taxable","19":"product-type-simple"},"jetpack_sharing_enabled":true,"_links":{"self":[{"href":"http:\/\/www.dunitex.com.br\/index.php?rest_route=\/wp\/v2\/product\/163","targetHints":{"allow":["GET"]}}],"collection":[{"href":"http:\/\/www.dunitex.com.br\/index.php?rest_route=\/wp\/v2\/product"}],"about":[{"href":"http:\/\/www.dunitex.com.br\/index.php?rest_route=\/wp\/v2\/types\/product"}],"wp:featuredmedia":[{"embeddable":true,"href":"http:\/\/www.dunitex.com.br\/index.php?rest_route=\/wp\/v2\/media\/584"}],"wp:attachment":[{"href":"http:\/\/www.dunitex.com.br\/index.php?rest_route=%2Fwp%2Fv2%2Fmedia&parent=163"}],"curies":[{"name":"wp","href":"https:\/\/api.w.org\/{rel}","templated":true}]}}