{"id":161,"date":"2020-09-14T18:01:05","date_gmt":"2020-09-14T21:01:05","guid":{"rendered":"http:\/\/dunitex.com.br\/?post_type=product&#038;p=161"},"modified":"2023-03-22T12:19:24","modified_gmt":"2023-03-22T15:19:24","slug":"roupao-02","status":"publish","type":"product","link":"http:\/\/www.dunitex.com.br\/?product=roupao-02","title":{"rendered":"RP02 &#8211; Roup\u00e3o Felpudo"},"content":{"rendered":"","protected":false},"excerpt":{"rendered":"<p>Roup\u00e3o em tecido Felpudo 100% algod\u00e3o.<\/p>\n<p>Personaliza\u00e7\u00e3o em bordado.<\/p>\n<p>Lote m\u00ednimo de produ\u00e7\u00e3o &#8211; 60 unidades.<\/p>\n","protected":false},"featured_media":585,"template":"","meta":[],"class_list":{"0":"post-161","1":"product","2":"type-product","3":"status-publish","4":"has-post-thumbnail","6":"product_cat-roupao","7":"product_cat-estetica-e-conforto","8":"product_tag-roupao-de-banho","9":"product_tag-roupao-felpudo","10":"product_tag-roupao-judoca","11":"product_tag-roupao-kimono","12":"product_tag-roupao-para-brinde","13":"product_tag-roupao-para-eventos","14":"product_tag-roupao-personalizado","16":"first","17":"onbackorder","18":"shipping-taxable","19":"product-type-simple"},"jetpack_sharing_enabled":true,"_links":{"self":[{"href":"http:\/\/www.dunitex.com.br\/index.php?rest_route=\/wp\/v2\/product\/161","targetHints":{"allow":["GET"]}}],"collection":[{"href":"http:\/\/www.dunitex.com.br\/index.php?rest_route=\/wp\/v2\/product"}],"about":[{"href":"http:\/\/www.dunitex.com.br\/index.php?rest_route=\/wp\/v2\/types\/product"}],"wp:featuredmedia":[{"embeddable":true,"href":"http:\/\/www.dunitex.com.br\/index.php?rest_route=\/wp\/v2\/media\/585"}],"wp:attachment":[{"href":"http:\/\/www.dunitex.com.br\/index.php?rest_route=%2Fwp%2Fv2%2Fmedia&parent=161"}],"curies":[{"name":"wp","href":"https:\/\/api.w.org\/{rel}","templated":true}]}}