{"id":157,"date":"2020-09-14T16:32:06","date_gmt":"2020-09-14T19:32:06","guid":{"rendered":"http:\/\/dunitex.com.br\/?post_type=product&#038;p=157"},"modified":"2020-09-22T15:41:01","modified_gmt":"2020-09-22T18:41:01","slug":"toalha-de-piscina-tp22","status":"publish","type":"product","link":"http:\/\/www.dunitex.com.br\/?product=toalha-de-piscina-tp22","title":{"rendered":"TP22 &#8211; Toalha Piscina"},"content":{"rendered":"","protected":false},"excerpt":{"rendered":"<p>Toalha de Piscina Felpuda, 100% algod\u00e3o, gramatura 450 gramas\/m\u00b2, medindo 70X140 cm.<\/p>\n<p>Personaliza\u00e7\u00e3o em jacquard alto\/baixo relevo.<\/p>\n<p>Dispon\u00edvel em diversas gramaturas, medidas e cores<\/p>\n<p><span style=\"color: #808080; font-family: Catamaran; font-size: 17px;\">Lote m\u00ednimo de produ\u00e7\u00e3o \u2013 500 unidades.<\/span><\/p>\n","protected":false},"featured_media":158,"template":"","meta":[],"class_list":{"0":"post-157","1":"product","2":"type-product","3":"status-publish","4":"has-post-thumbnail","6":"product_cat-toalha","7":"product_cat-piscina","8":"product_tag-toalha-felpuda","9":"product_tag-toalha-para-brinde","10":"product_tag-toalha-para-eventos","11":"product_tag-toalha-personalizada","12":"product_tag-toalha-piscina","13":"product_tag-toalha-promocional","15":"first","16":"onbackorder","17":"shipping-taxable","18":"product-type-simple"},"jetpack_sharing_enabled":true,"_links":{"self":[{"href":"http:\/\/www.dunitex.com.br\/index.php?rest_route=\/wp\/v2\/product\/157","targetHints":{"allow":["GET"]}}],"collection":[{"href":"http:\/\/www.dunitex.com.br\/index.php?rest_route=\/wp\/v2\/product"}],"about":[{"href":"http:\/\/www.dunitex.com.br\/index.php?rest_route=\/wp\/v2\/types\/product"}],"wp:featuredmedia":[{"embeddable":true,"href":"http:\/\/www.dunitex.com.br\/index.php?rest_route=\/wp\/v2\/media\/158"}],"wp:attachment":[{"href":"http:\/\/www.dunitex.com.br\/index.php?rest_route=%2Fwp%2Fv2%2Fmedia&parent=157"}],"curies":[{"name":"wp","href":"https:\/\/api.w.org\/{rel}","templated":true}]}}