{"id":121,"date":"2020-09-14T12:07:14","date_gmt":"2020-09-14T15:07:14","guid":{"rendered":"http:\/\/dunitex.com.br\/?post_type=product&#038;p=121"},"modified":"2020-09-22T15:55:49","modified_gmt":"2020-09-22T18:55:49","slug":"toalha-de-praia-tp06","status":"publish","type":"product","link":"http:\/\/www.dunitex.com.br\/?product=toalha-de-praia-tp06","title":{"rendered":"TP06 &#8211; Toalha de Praia"},"content":{"rendered":"","protected":false},"excerpt":{"rendered":"<p>Toalha de Praia Estampada Veludo, 100% algod\u00e3o, gramatura 360 gramas\/m\u00b2, medindo 75X150 cm.<\/p>\n<p>Personaliza\u00e7\u00e3o em silkscreen reativo.<\/p>\n<p>Dispon\u00edvel em diversas gramaturas e medidas.<\/p>\n<p><span style=\"color: #808080; font-family: Catamaran; font-size: 17px;\">Lote m\u00ednimo de produ\u00e7\u00e3o \u2013 1.250 unidades.<\/span><\/p>\n","protected":false},"featured_media":122,"template":"","meta":[],"class_list":{"0":"post-121","1":"product","2":"type-product","3":"status-publish","4":"has-post-thumbnail","6":"product_cat-toalha","7":"product_cat-praia","8":"product_tag-toalha-aveludada","9":"product_tag-toalha-estampada","10":"product_tag-toalha-para-brinde","11":"product_tag-toalha-para-eventos","12":"product_tag-toalha-personalizada","13":"product_tag-toalha-praia","14":"product_tag-toalha-promocional","16":"first","17":"onbackorder","18":"shipping-taxable","19":"product-type-simple"},"jetpack_sharing_enabled":true,"_links":{"self":[{"href":"http:\/\/www.dunitex.com.br\/index.php?rest_route=\/wp\/v2\/product\/121","targetHints":{"allow":["GET"]}}],"collection":[{"href":"http:\/\/www.dunitex.com.br\/index.php?rest_route=\/wp\/v2\/product"}],"about":[{"href":"http:\/\/www.dunitex.com.br\/index.php?rest_route=\/wp\/v2\/types\/product"}],"wp:featuredmedia":[{"embeddable":true,"href":"http:\/\/www.dunitex.com.br\/index.php?rest_route=\/wp\/v2\/media\/122"}],"wp:attachment":[{"href":"http:\/\/www.dunitex.com.br\/index.php?rest_route=%2Fwp%2Fv2%2Fmedia&parent=121"}],"curies":[{"name":"wp","href":"https:\/\/api.w.org\/{rel}","templated":true}]}}